{"id":1730,"date":"2023-07-06T14:57:15","date_gmt":"2023-07-06T14:57:15","guid":{"rendered":"https:\/\/www.posadariocubas.com\/web\/?page_id=1730"},"modified":"2026-02-04T20:25:47","modified_gmt":"2026-02-04T20:25:47","slug":"condiciones-de-reserva-y-pago","status":"publish","type":"page","link":"https:\/\/www.posadariocubas.com\/web\/en\/condiciones-de-reserva-y-pago\/","title":{"rendered":"Reservation and payment conditions"},"content":{"rendered":"<p>Booking confirmation:<\/p>\n\n\n\n<p>To book a stay, payment of the amount corresponding to 50% is required for stays of more than one night. The deposit for a 1-night reservation would be the amount corresponding to 100%.<\/p>\n\n\n\n<p>\u2013 The remaining amount of the stay will be paid starting 7 days prior to arrival.<\/p>\n\n\n\n<p>Booking cancellation:<\/p>\n\n\n\n<p>\u2013 Free cancellation, at no cost, up to 14 days before the arrival date.<\/p>\n\n\n\n<p>\u2013 Cancellation of the reservation less than 14 days before the arrival date does not entitle you to a refund of the deposit.<\/p>\n\n\n\n<p>\u2013 Failure to pay the remaining amount 7 days before arrival will automatically cancel the reservation without the right to a refund of the deposit.<\/p>\n\n\n\n<p>\u2013 Failure to show up at the Inn on the arrival date implies the collection of 100% for the stay.<\/p>\n\n\n\n<p>Returns:<\/p>\n\n\n\n<p>\u2013 The client can claim the return of the advance payment in case of free cancellation, within the established deadlines.<\/p>\n\n\n\n<p>\u2013 The refund will be made by the same means as the advance payment, that is; If the client pays by card, a refund will be made to the card, and if the client pays by transfer, they will be asked for an account number to send the amount corresponding to the advance payment.<\/p>\n\n\n\n<p>\u2013 The return will be made within a maximum period of 7 days.<\/p>","protected":false},"excerpt":{"rendered":"<p>Confirmaci\u00f3n de reserva: &#8211; Para realizar la reserva de una estancia se requiere el pago del importe correspondiente al 50% del total para estancia de m\u00e1s de una noche. El anticipo para la reserva de 1 noche ser\u00eda el correspondiente al 100%. &#8211; El importe restante de la estancia, se abonar\u00e1 a partir de los [&hellip;]<\/p>","protected":false},"author":1,"featured_media":0,"parent":0,"menu_order":0,"comment_status":"closed","ping_status":"closed","template":"","meta":{"_citadela_hide_page_title":"","_citadela_remove_header_space":"","_citadela_custom_class":"","_citadela_half_map_provider":"","_citadela_half_map_theme":"","_citadela_half_map_themeOSM":"","_citadela_half_map_customTheme":"","_citadela_half_map_dataType":"","_citadela_half_map_dynamicTrack":false,"_citadela_half_map_trackColor":"","_citadela_half_map_trackEndpointsColor":"","_citadela_half_map_filterCategory":"","_citadela_half_map_filterLocation":"","_citadela_half_map_filterFeatured":false,"_citadela_half_map_noDataBehavior":"empty-map","_citadela_half_map_noDataText":"","_citadela_half_map_clusterGridSize":80,"_citadela_header":false,"_citadela_header_over_content":false,"_citadela_header_text_color":"","_citadela_header_logo":[],"_citadela_header_bg_image":[],"_citadela_header_bg_position":[],"_citadela_header_bg_size":"","_citadela_header_bg_repeat":"","_citadela_header_bg_fixed":false,"_citadela_header_bg_color":"","_citadela_header_bg_image_overlay":"","_citadela_header_transparent_bg":false,"_citadela_content_width":"","_citadela_half_layout_position":"","_joinchat":[],"footnotes":""},"class_list":["post-1730","page","type-page","status-publish","hentry"],"_links":{"self":[{"href":"https:\/\/www.posadariocubas.com\/web\/en\/wp-json\/wp\/v2\/pages\/1730","targetHints":{"allow":["GET"]}}],"collection":[{"href":"https:\/\/www.posadariocubas.com\/web\/en\/wp-json\/wp\/v2\/pages"}],"about":[{"href":"https:\/\/www.posadariocubas.com\/web\/en\/wp-json\/wp\/v2\/types\/page"}],"author":[{"embeddable":true,"href":"https:\/\/www.posadariocubas.com\/web\/en\/wp-json\/wp\/v2\/users\/1"}],"replies":[{"embeddable":true,"href":"https:\/\/www.posadariocubas.com\/web\/en\/wp-json\/wp\/v2\/comments?post=1730"}],"version-history":[{"count":3,"href":"https:\/\/www.posadariocubas.com\/web\/en\/wp-json\/wp\/v2\/pages\/1730\/revisions"}],"predecessor-version":[{"id":2598,"href":"https:\/\/www.posadariocubas.com\/web\/en\/wp-json\/wp\/v2\/pages\/1730\/revisions\/2598"}],"wp:attachment":[{"href":"https:\/\/www.posadariocubas.com\/web\/en\/wp-json\/wp\/v2\/media?parent=1730"}],"curies":[{"name":"wp","href":"https:\/\/api.w.org\/{rel}","templated":true}]}}