{"id":637,"date":"2012-03-23T10:45:41","date_gmt":"2012-03-23T10:45:41","guid":{"rendered":"https:\/\/www.posadariocubas.com\/web\/?page_id=637"},"modified":"2013-02-01T12:47:24","modified_gmt":"2013-02-01T12:47:24","slug":"casa-vacacional-en-cantabria","status":"publish","type":"page","link":"https:\/\/www.posadariocubas.com\/web\/en\/casa-vacacional-en-cantabria\/","title":{"rendered":"R\u00edo Cubas Tourist Chalet"},"content":{"rendered":"<h1>R\u00edo Cubas Tourist Chalet<\/h1>\n<h3>Welcome to Chalet R\u00edo Cubas<\/h3>\n<p><strong>The R\u00edo Cubas Tourist Chalet<\/strong>, is located in the best area of the Trasmiera Coast, 5 minutes from the beaches of Somo, Loredo, Langre and Galizano.<\/p>\n<p>It is a new and unique stone construction, a magnificent building that has two independent options, with the capacity to accommodate from 2 to 8 people. We are sorry but pets are not allowed.<\/p>\n<h1>Photo gallery<\/h1>\n<p>[one_third]<\/p>\n<p><img loading=\"lazy\" decoding=\"async\" class=\"alignnone size-full wp-image-330\" title=\"room\" src=\"https:\/\/www.posadariocubas.com\/web\/wp-content\/uploads\/2012\/03\/portada.jpg\" alt=\"\" width=\"280\" height=\"187\" \/><\/p>\n<p>[\/one_third]<\/p>\n<p>[one_third]<\/p>\n<p><img loading=\"lazy\" decoding=\"async\" class=\"alignnone size-full wp-image-330\" title=\"room\" src=\"https:\/\/www.posadariocubas.com\/web\/wp-content\/uploads\/2011\/03\/habitacion1.jpg\" alt=\"\" width=\"280\" height=\"187\" \/><\/p>\n<p>[\/one_third]<\/p>\n<p>[one_third last]<\/p>\n<p><img loading=\"lazy\" decoding=\"async\" class=\"alignnone size-full wp-image-330\" title=\"lounge\" src=\"https:\/\/www.posadariocubas.com\/web\/wp-content\/uploads\/2011\/03\/habitacion2.jpg\" alt=\"\" width=\"280\" height=\"187\" \/><\/p>\n<p>[\/one_third]<\/p>\n<p>[one_third]<\/p>\n<p><img loading=\"lazy\" decoding=\"async\" class=\"alignnone size-full wp-image-330\" title=\"garden\" src=\"https:\/\/www.posadariocubas.com\/web\/wp-content\/uploads\/2011\/03\/habitacion3.jpg\" alt=\"\" width=\"280\" height=\"187\" \/><\/p>\n<p>[\/one_third]<\/p>\n<p>[one_third]<\/p>\n<p><img loading=\"lazy\" decoding=\"async\" class=\"alignnone size-full wp-image-330\" title=\"lounge\" src=\"https:\/\/www.posadariocubas.com\/web\/wp-content\/uploads\/2012\/03\/cama.jpg\" alt=\"\" width=\"280\" height=\"187\" \/><\/p>\n<p>[\/one_third]<\/p>\n<p>[one_third last]<\/p>\n<p><img loading=\"lazy\" decoding=\"async\" class=\"alignnone size-full wp-image-330\" title=\"room\" src=\"https:\/\/www.posadariocubas.com\/web\/wp-content\/uploads\/2012\/03\/bano.jpg\" alt=\"\" width=\"280\" height=\"187\" \/><\/p>\n<p>[\/one_third]<\/p>\n<p>[one_third]<\/p>\n<p><img loading=\"lazy\" decoding=\"async\" class=\"alignnone size-full wp-image-330\" title=\"lounge\" src=\"https:\/\/www.posadariocubas.com\/web\/wp-content\/uploads\/2011\/03\/habitacion5.jpg\" alt=\"\" width=\"280\" height=\"187\" \/><\/p>\n<p>[\/one_third]<\/p>\n<p>[one_third last]<\/p>\n<p><img loading=\"lazy\" decoding=\"async\" class=\"alignnone size-full wp-image-330\" title=\"garden\" src=\"https:\/\/www.posadariocubas.com\/web\/wp-content\/uploads\/2011\/03\/habitacion6.jpg\" alt=\"\" width=\"280\" height=\"187\" \/><\/p>\n<p>[\/one_third]<\/p>\n<ul>\n<li><strong>TOURIST CHALET<\/strong>\u00a0(maximum capacity 8 people)<\/li>\n<\/ul>\n<p>It consists of a garden area, large living room - dining room and fully equipped American kitchen, it has a large sofa bed for two people. It is also directly connected to the garden through a porch, it has three large exterior double rooms, two with a double bed and one with two beds, two of them with a balcony, two complete bathrooms with large windows.<\/p>\n<p>The apartment, the furniture, the complete kitchenware, the bed and bath linens, all of quality, and in perfect condition. It has garden furniture, table, chairs and sun loungers.<\/p>\n<h1>Information<\/h1>\n<p>Discover a Magnificent Home in the beautiful town of Cubas just 5 minutes from the best beaches in Cantabria and the city of Santander.<\/p>\n<p>Cubas is the ideal accommodation to enjoy your vacation, in a small and quiet town, from the same house the countryside begins to walk enjoying nature. Just 4 km. The highway is ideal for traveling to the most interesting points of Cantabria.<\/p>\n<p>Apartment in a Chalet, with its own garden, all new, with complete equipment and in perfect condition. We are sorry but clients sensitive to allergies prevent us from accepting pets.<\/p>\n<p>Located on a street closed at the bottom by a children&#039;s park, a street only open to vehicles with 6 houses. In summer the rental is for weeks. Discounts for long stays.<\/p>\n<p>Close to <strong>Cab\u00e1rceno Nature Park<\/strong> , Santander, the Altamira Caves and the Castle,<strong> the Santo\u00f1a Marshes<\/strong> and a step away from the R\u00eda de Cubas.<\/p>\n<p>B\u00ba La Iglesia, s\/n 39793 Cubas (Cantabria.)<\/p>\n<h1>How to get<\/h1>\n<p>To get to the Chalet from Santander, its airport or if you come from Bilbao, they are very well connected by highway to the house.<\/p>\n<p>From the Cant\u00e1brico highway, A-8, take exit 197, towards Galizano, regional ca-146, 4 km away. From the highway you will see the Cubas sign, 200 m away. Just past the church, on the right is the detour to the house which is 50 m away. The street is easy to identify since it is the one followed by the playground that delimits it at the bottom. You can also come to the Inn from where we will gladly accompany you to give you details of the house, as well as tourist information with brochures of the most interesting points to visit in Cantabria.<\/p>\n<h1>Chalet Prices<\/h1>\n<ul>\n<li><strong>FIRST OPTION PRICE (maximum capacity 8 people)<\/strong><\/li>\n<\/ul>\n<p><strong>Low season<\/strong>\u2026\u2026\u2026\u2026.\u2026 \u20ac980.00 week (VAT included)<br \/>\n<strong>Mid Season<\/strong>\u2026\u2026\u2026\u2026 \u20ac1120.00 per week (VAT included)<br \/>\n<strong>High season<\/strong>\u2026\u2026..\u2026\u2026\u2026 \u20ac1260.00 per week (VAT included)<\/p>\n<p>HIGH, Holy Week and from July 24 to August 31<br \/>\nMEDIA, from June 28 to July 23<br \/>\nLOW, rest of the year<br \/>\nBridges consult<\/p>\n<p>For reservations of another number of days, consult. Stays longer than one week enjoy discounts.<br \/>\nTo make a firm reservation, the 40% of the cost will be entered, on account of the total payment, which will be made upon delivery of the keys.<\/p>\n<p><strong>Chalet registered and qualified by the Government of Cantabria and has all the legal accreditations guaranteeing maximum security for the client.<\/strong><\/p>\n<h1><\/h1>","protected":false},"excerpt":{"rendered":"<p>Chalet Tur\u00edstico R\u00edo Cubas Bienvenidos al Chalet R\u00edo Cubas El Chalet Tur\u00edstico R\u00edo Cubas, est\u00e1 enclavado en la mejor zona de la Costa de Trasmiera, a 5 minutos de las playas de Somo, Loredo, Langre y Galizano. Es una nueva y singular construcci\u00f3n en piedra, una magnifica edificaci\u00f3n que cuenta con dos opciones independientes, con [&hellip;]<\/p>","protected":false},"author":1,"featured_media":0,"parent":0,"menu_order":0,"comment_status":"closed","ping_status":"open","template":"page-fullwidth.php","meta":{"_citadela_hide_page_title":"","_citadela_remove_header_space":"","_citadela_custom_class":"","_citadela_half_map_provider":"","_citadela_half_map_theme":"","_citadela_half_map_themeOSM":"","_citadela_half_map_customTheme":"","_citadela_half_map_dataType":"","_citadela_half_map_dynamicTrack":false,"_citadela_half_map_trackColor":"","_citadela_half_map_trackEndpointsColor":"","_citadela_half_map_filterCategory":"","_citadela_half_map_filterLocation":"","_citadela_half_map_filterFeatured":false,"_citadela_half_map_noDataBehavior":"empty-map","_citadela_half_map_noDataText":"","_citadela_half_map_clusterGridSize":80,"_citadela_header":false,"_citadela_header_over_content":false,"_citadela_header_text_color":"","_citadela_header_logo":[],"_citadela_header_bg_image":[],"_citadela_header_bg_position":[],"_citadela_header_bg_size":"","_citadela_header_bg_repeat":"","_citadela_header_bg_fixed":false,"_citadela_header_bg_color":"","_citadela_header_bg_image_overlay":"","_citadela_header_transparent_bg":false,"_citadela_content_width":"","_citadela_half_layout_position":"","_joinchat":[],"footnotes":""},"class_list":["post-637","page","type-page","status-publish","hentry"],"_links":{"self":[{"href":"https:\/\/www.posadariocubas.com\/web\/en\/wp-json\/wp\/v2\/pages\/637","targetHints":{"allow":["GET"]}}],"collection":[{"href":"https:\/\/www.posadariocubas.com\/web\/en\/wp-json\/wp\/v2\/pages"}],"about":[{"href":"https:\/\/www.posadariocubas.com\/web\/en\/wp-json\/wp\/v2\/types\/page"}],"author":[{"embeddable":true,"href":"https:\/\/www.posadariocubas.com\/web\/en\/wp-json\/wp\/v2\/users\/1"}],"replies":[{"embeddable":true,"href":"https:\/\/www.posadariocubas.com\/web\/en\/wp-json\/wp\/v2\/comments?post=637"}],"version-history":[{"count":62,"href":"https:\/\/www.posadariocubas.com\/web\/en\/wp-json\/wp\/v2\/pages\/637\/revisions"}],"predecessor-version":[{"id":640,"href":"https:\/\/www.posadariocubas.com\/web\/en\/wp-json\/wp\/v2\/pages\/637\/revisions\/640"}],"wp:attachment":[{"href":"https:\/\/www.posadariocubas.com\/web\/en\/wp-json\/wp\/v2\/media?parent=637"}],"curies":[{"name":"wp","href":"https:\/\/api.w.org\/{rel}","templated":true}]}}