{"id":179,"date":"2011-08-09T09:20:36","date_gmt":"2011-08-09T09:20:36","guid":{"rendered":"https:\/\/www.posadariocubas.com\/web\/?page_id=179"},"modified":"2023-10-15T21:37:41","modified_gmt":"2023-10-15T21:37:41","slug":"la-posada","status":"publish","type":"page","link":"https:\/\/www.posadariocubas.com\/web\/la-posada\/","title":{"rendered":"La Posada"},"content":{"rendered":"\n<div class=\"wp-block-citadela-blocks-custom-container citadela-block-custom-container size-fullwidth bg-type-image inside-space-none bg-size-cover has-bg has-overlay\" style=\"background-image:linear-gradient(180deg, rgba(0, 0, 0, 1) 0%, rgba(245, 245, 245, 0) 100%)\"><div class=\"bg-image-wrapper\" style=\"background-image:url(https:\/\/www.posadariocubas.com\/web\/wp-content\/uploads\/2023\/10\/28742372.jpg);background-repeat:no-repeat;background-position:53% 65%\"><\/div><div class=\"bg-image-overlay\" style=\"opacity:0.65;background-image:linear-gradient(180deg, rgba(0, 0, 0, 1) 0%, rgba(229, 255, 199, 0.22) 100%)\"><\/div><div class=\"inner-holder\">\n<div class=\"wp-block-columns alignwide is-layout-flex wp-container-core-columns-is-layout-9d6595d7 wp-block-columns-is-layout-flex\">\n<div class=\"wp-block-column is-vertically-aligned-bottom is-layout-flow wp-block-column-is-layout-flow\">\n<div class=\"wp-block-citadela-blocks-spacer citadela-block-spacer\"><div class=\"inner-holder\" style=\"padding-top:700px\"><\/div><\/div>\n\n\n\n<h1 class=\"wp-block-heading alignfull has-white-color has-text-color\" style=\"font-size:58px\"> Posada R\u00edo Cubas<\/h1>\n<\/div>\n\n\n\n<div class=\"wp-block-column is-layout-flow wp-block-column-is-layout-flow\"><\/div>\n<\/div>\n<\/div><\/div>\n\n\n\n<div class=\"wp-block-citadela-blocks-spacer citadela-block-spacer\"><div class=\"inner-holder\" style=\"padding-top:25px\"><\/div><\/div>\n\n\n\n<div class=\"wp-block-columns alignwide is-layout-flex wp-container-core-columns-is-layout-9d6595d7 wp-block-columns-is-layout-flex\">\n<div class=\"wp-block-column is-layout-flow wp-block-column-is-layout-flow\">\n<h2 class=\"wp-block-heading has-black-color has-text-color\">Posada al m\u00e1s puro estilo Monta\u00f1\u00e9s<\/h2>\n\n\n         <div \r\n            class=\"citadela-block-responsive-text align-left responsive-options loading\"\r\n            data-block-mobile-attr=\"{&quot;desktop&quot;:{&quot;fontSize&quot;:&quot;16px&quot;},&quot;mobile&quot;:{&quot;fontSize&quot;:&quot;16px&quot;}}\"            data-block-mobile-breakpoint=\"600\"         >\r\n            <p class=\"inner-tag\" style=\"font-size: 16px; color: #000000;\">La <strong>Posada Rio Cubas<\/strong>, est\u00e1 ubicada cerca de la ciudad de Santander, el Parque de Cab\u00e1rceno y las playas de Somo y Langre.<br>La casa respeta el m\u00e1s puro estilo monta\u00f1\u00e9s, adem\u00e1s la Posada R\u00edo Cubas ha obtenido el <strong>Premio del Gobierno de Cantabria, a la Calidad Tur\u00edstica<\/strong>, concedido el 21 de diciembre de 2004, por su esfuerzo en la mejora constante con la obtenci\u00f3n de la <strong>\u00abQ\u00bb de Calidad<\/strong>.<br>Sus <strong>instalaciones, amplias y confortables<\/strong>, decoradas y amuebladas al <strong>estilo tradicional<\/strong> de la zona, han sido ampliamente alabadas por nuestros clientes.<br>Cuenta con once habitaciones dobles y tres habitaciones especiales abuhardilladas, con <strong>amplias vistas<\/strong>, decoraci\u00f3n y pintura variadas, que dan a cada una su singularidad. Todas cuentan con calefacci\u00f3n central, <strong>TV plana, balc\u00f3n al jard\u00edn excepto dos que tienen una amplia ventana, ba\u00f1o completo<\/strong> con secador de pelo, con <strong>ventana al jard\u00edn<\/strong>, que unido a los detalles decorativos le har\u00e1n sentirse como en su propia casa.<\/p>         <\/div>\r\n      <\/div>\n\n\n\n<div class=\"wp-block-column is-layout-flow wp-block-column-is-layout-flow\">\n<div class=\"wp-block-citadela-blocks-spacer citadela-block-spacer\"><div class=\"inner-holder\" style=\"padding-top:20px\"><\/div><\/div>\n\n\n         <div \r\n            class=\"citadela-block-responsive-text align-left responsive-options loading\"\r\n            data-block-mobile-attr=\"{&quot;desktop&quot;:{&quot;fontSize&quot;:&quot;16px&quot;},&quot;mobile&quot;:{&quot;fontSize&quot;:&quot;16px&quot;}}\"            data-block-mobile-breakpoint=\"600\"         >\r\n            <p class=\"inner-tag\" style=\"font-size: 16px; color: #000000;\">Disponemos de un acogedor comedor r\u00fastico en un hermoso porche de madera, en contacto con el jard\u00edn, tras el porche abierto de tres arcos de la fachada principal, se encuentra un confortable sal\u00f3n de estar con chimenea de le\u00f1a, donde disfrutar de una estancia agradable y tranquila.<br>La Posada dispone de una peque\u00f1a y coqueta librer\u00eda dedicada principalmente al relieve y cultura de Cantabria. Incluye tambi\u00e9n una peque\u00f1a colecci\u00f3n de novela y algunos juegos de mesa.<br><strong>Aparcamiento y WIFI gratuitos<\/strong>. Cuenta igualmente con un garaje para bicicletas, piraguas, tablas de Surf y un colgador para trajes de neopreno, toallas y trajes de ba\u00f1o.<br>El solar donde se emplaza la edificaci\u00f3n, tiene una superficie de 2000 metros cuadrados de jard\u00edn y una peque\u00f1a huerta, totalmente de pradera, cerrado por laureles, con \u00e1rboles ornamentales y frutales sobre el resto de la finca, con mobiliario de jard\u00edn, para disfrute de los residentes, cerrado todo por seto natural.<br>Los desayunos de la Posada, servidos con amabilidad y en lugar tan acogedor, han merecido siempre elogios y felicitaciones de nuestros clientes.<\/p>         <\/div>\r\n      <\/div>\n<\/div>\n","protected":false},"excerpt":{"rendered":"<p>Posada al m\u00e1s puro estilo Monta\u00f1\u00e9s<\/p>\n","protected":false},"author":1,"featured_media":0,"parent":0,"menu_order":0,"comment_status":"closed","ping_status":"open","template":"","meta":{"_citadela_hide_page_title":"1","_citadela_remove_header_space":"1","_citadela_custom_class":"","_citadela_half_map_provider":"","_citadela_half_map_theme":"","_citadela_half_map_themeOSM":"","_citadela_half_map_customTheme":"","_citadela_half_map_dataType":"","_citadela_half_map_dynamicTrack":false,"_citadela_half_map_trackColor":"","_citadela_half_map_trackEndpointsColor":"","_citadela_half_map_filterCategory":"","_citadela_half_map_filterLocation":"","_citadela_half_map_filterFeatured":false,"_citadela_half_map_noDataBehavior":"empty-map","_citadela_half_map_noDataText":"","_citadela_half_map_clusterGridSize":80,"_citadela_header":true,"_citadela_header_over_content":true,"_citadela_header_text_color":"rgba(255, 255, 255, 1)","_citadela_header_logo":[],"_citadela_header_bg_image":[],"_citadela_header_bg_position":{"x":0.5,"y":0.5},"_citadela_header_bg_size":"cover","_citadela_header_bg_repeat":"no-repeat","_citadela_header_bg_fixed":false,"_citadela_header_bg_color":"rgba(94, 81, 42, 0)","_citadela_header_bg_image_overlay":"","_citadela_header_transparent_bg":true,"_citadela_content_width":"","_citadela_half_layout_position":"","_joinchat":[],"footnotes":""},"class_list":["post-179","page","type-page","status-publish","hentry"],"_links":{"self":[{"href":"https:\/\/www.posadariocubas.com\/web\/wp-json\/wp\/v2\/pages\/179","targetHints":{"allow":["GET"]}}],"collection":[{"href":"https:\/\/www.posadariocubas.com\/web\/wp-json\/wp\/v2\/pages"}],"about":[{"href":"https:\/\/www.posadariocubas.com\/web\/wp-json\/wp\/v2\/types\/page"}],"author":[{"embeddable":true,"href":"https:\/\/www.posadariocubas.com\/web\/wp-json\/wp\/v2\/users\/1"}],"replies":[{"embeddable":true,"href":"https:\/\/www.posadariocubas.com\/web\/wp-json\/wp\/v2\/comments?post=179"}],"version-history":[{"count":169,"href":"https:\/\/www.posadariocubas.com\/web\/wp-json\/wp\/v2\/pages\/179\/revisions"}],"predecessor-version":[{"id":1922,"href":"https:\/\/www.posadariocubas.com\/web\/wp-json\/wp\/v2\/pages\/179\/revisions\/1922"}],"wp:attachment":[{"href":"https:\/\/www.posadariocubas.com\/web\/wp-json\/wp\/v2\/media?parent=179"}],"curies":[{"name":"wp","href":"https:\/\/api.w.org\/{rel}","templated":true}]}}