{"id":183,"date":"2011-08-09T09:21:41","date_gmt":"2011-08-09T09:21:41","guid":{"rendered":"https:\/\/www.posadariocubas.com\/web\/?page_id=183"},"modified":"2023-01-30T09:39:07","modified_gmt":"2023-01-30T09:39:07","slug":"cuisine","status":"publish","type":"page","link":"https:\/\/www.posadariocubas.com\/web\/cuisine\/","title":{"rendered":"Tarifas"},"content":{"rendered":"<p><a href=\"http:\/\/www.turismoruralcantabria.com\/api.php?cod=SEUWUQUHMGBT04KS6FH2S\" target=\"_blank\" rel=\"noopener noreferrer\"><img loading=\"lazy\" decoding=\"async\" class=\"aligncenter wp-image-1587 size-full\" src=\"https:\/\/www.posadariocubas.com\/web\/wp-content\/uploads\/2011\/08\/boton-reservas-online-1.png\" alt=\"\" width=\"940\" height=\"148\" srcset=\"https:\/\/www.posadariocubas.com\/web\/wp-content\/uploads\/2011\/08\/boton-reservas-online-1.png 940w, https:\/\/www.posadariocubas.com\/web\/wp-content\/uploads\/2011\/08\/boton-reservas-online-1-300x47.png 300w, https:\/\/www.posadariocubas.com\/web\/wp-content\/uploads\/2011\/08\/boton-reservas-online-1-768x121.png 768w, https:\/\/www.posadariocubas.com\/web\/wp-content\/uploads\/2011\/08\/boton-reservas-online-1-938x148.png 938w, https:\/\/www.posadariocubas.com\/web\/wp-content\/uploads\/2011\/08\/boton-reservas-online-1-900x142.png 900w\" sizes=\"auto, (max-width: 940px) 100vw, 940px\" \/><\/a><\/p>\n<h1>Tarifas<\/h1>\n<h3>Precio por habitaci\u00f3n para el a\u00f1o 2023. IVA INCLUIDO.<\/h3>\n<p><a href=\"https:\/\/www.posadariocubas.com\/web\/wp-content\/uploads\/2011\/08\/tarifas3.jpg\"><img loading=\"lazy\" decoding=\"async\" class=\"wp-image-474 alignright\" title=\"tarifas\" src=\"https:\/\/www.posadariocubas.com\/web\/wp-content\/uploads\/2011\/08\/tarifas3.jpg\" alt=\"\" width=\"354\" height=\"387\" srcset=\"https:\/\/www.posadariocubas.com\/web\/wp-content\/uploads\/2011\/08\/tarifas3.jpg 384w, https:\/\/www.posadariocubas.com\/web\/wp-content\/uploads\/2011\/08\/tarifas3-274x300.jpg 274w\" sizes=\"auto, (max-width: 354px) 100vw, 354px\" \/><\/a> <strong><strong>Temporada Baja:<\/strong><br \/>\n<\/strong>\u2013 Habitaci\u00f3n doble: 66,00 \u20ac<br \/>\n\u2013\u00a0Habitaci\u00f3n doble superior: 72,00 \u20ac<br \/>\n\u2013 Habitaci\u00f3n doble especial: 95,00 \u20ac<br \/>\n\u2013 Habitaci\u00f3n especial triple: 110,00 \u20ac<br \/>\n\u2013 Resto del A\u00f1o. Consultar precios y servicios incluidos.<\/p>\n<p><strong>Temporada\u00a0Media:<br \/>\n<\/strong>\u2013 Habitaci\u00f3n doble: 76,00 \u20ac<br \/>\n\u2013 Habitaci\u00f3n doble superior: 82,00 \u20ac<br \/>\n\u2013 Habitaci\u00f3n doble especial: 100,00 \u20ac<br \/>\n\u2013 Habitaci\u00f3n especial triple: 120,00 \u20ac<br \/>\n\u2013 Del 1 al 13 de Julio y del 3 al 10 de Septiembre y Puentes<\/p>\n<p><strong><strong>Temporada Alta:<\/strong><br \/>\n<span class=\"Apple-style-span\" style=\"font-weight: normal;\">\u2013 Habitaci\u00f3n doble: del 14 al 31 de Julio 85,00 \u20ac \u2013 en agosto 91,00 \u20ac<br \/>\n\u2013 Habitaci\u00f3n doble superior: del 14 al 31 de Julio 91,00 \u20ac \u2013 en agosto 96,00 \u20ac<br \/>\n\u2013 Habitaci\u00f3n especial triple: 3 adultos, del 14 al 31 de Julio 135,00 \u20ac \u2013 en agosto 142,00 \u20ac<br \/>\n\u2013 Habitaci\u00f3n especial triple: 2 adultos y 1 ni\u00f1o, del 14 al 31 de Julio 130,00 \u20ac \u2013 en agosto 138,00 \u20ac<br \/>\n\u2013 Semana Santa<br \/>\n<\/span><\/strong><\/p>\n<p>*Desayuno: 7,00 \u20ac por persona.\u00a0IVA INCLUIDO<\/p>\n<p>El desayuno se compone de: fruta, yogurt, zumos. El zumo natural se cobra aparte. Adem\u00e1s caf\u00e9, leche, infusiones, Cola Cao a elegir. Pan tostado, mantequilla, mermelada, si lo desean: aceite de oliva virgen y LOS DULCES hechos en casa, variando seg\u00fan el d\u00eda: bizcocho, rosquillas, panecillos, frisuelos, torrijas\u2026 Todo servido en mesa, muy rico.<\/p>\n<p>Horario de recepci\u00f3n de cliente: de 13:00 a 15:00 horas, y de 17:00 a 22:00 horas.<br \/>\nSi preveen su llegada a una hora diferente a las indicadas, rogamos nos informen con 24 horas de antelaci\u00f3n para buscar una soluci\u00f3n.<\/p>\n<p>La reserva se formalizar\u00e1 previo pago de una se\u00f1al, el resto de la estancia se abonar\u00e1 a la llegada al establecimiento. La direcci\u00f3n le enviar\u00e1 una carta de confirmaci\u00f3n que deber\u00e1 presentar el d\u00eda de llegada.<br \/>\nCada persona que se aloje en el establecimiento requiere una plaza, incluso beb\u00e9s, as\u00ed les asignaremos la mejor habitaci\u00f3n posible para sus necesidades.<\/p>\n<p>. En caso de realizarse una cancelaci\u00f3n, rogamos se haga por escrito .Se ruega leer condiciones de reserva<\/p>\n<p>Estos precios pueden sufrir variaciones por promociones puntuales. Cons\u00faltenos acerca de nuestras promociones fuera de temporada alta.<\/p>\n<p>Dir\u00edjanse a nuestra p\u00e1gina para ver el apartamento en chalet con jard\u00edn.<\/p>\n<p>\u2022 Para promociones y conocimiento de las muchas posibilidades del ENTORNO ver www.posadariocubas.com y video para conocer la casa y todos los puntos de inter\u00e9s cercanos o ll\u00e1menos al 942.508.241 \u00f3 660.554.569<\/p>\n<p>Estos precios incluyen el 10% de IVA.<\/p>\n<p>Los precios son orientativos, consultar precio exacto y condiciones de reserva al propietario.<\/p>\n<h2><strong>CONSULTE OFERTAS <a href=\"https:\/\/www.posadariocubas.com\/web\/?page_id=187\">PULSANDO AQU\u00cd<\/a><\/strong><\/h2>\n<div align=\"center\"><strong><span style=\"color: #663300; font-family: Verdana,Arial,Helvetica,sans-serif; font-size: xx-small;\">\u00a0<\/span><\/strong><\/div>\n<h1>Reserva<\/h1>\n<p>Si desea reservar en nuestra posada a continuaci\u00f3n tiene los datos de contacto:<\/p>\n<table class=\"mov\" border=\"0\" width=\"100%\" cellspacing=\"0\" cellpadding=\"0\">\n<tbody>\n<tr>\n<td colspan=\"2\"><strong> Posada R\u00edo Cubas<\/strong> Horna, 12 39793 Cubas \u2013 Somo. Cantabria.<\/td>\n<\/tr>\n<tr>\n<td><strong> Tel\u00e9fono<\/strong>: 942.50.82.41<br \/>\n<strong> M\u00f3vil<\/strong>: 660.554.569<br \/>\n<a href=\"mailto:informacion@posadariocubas.com\"><strong> informacion@posadariocubas.com<\/strong><\/a><\/td>\n<td><strong> Coordenadas GPS:<\/strong><br \/>\nLatitud: 43\u00ba 25\u2032 31\u2033<br \/>\nLongitud: 3\u00ba 41\u2032 58\u2033<\/td>\n<\/tr>\n<\/tbody>\n<\/table>\n<p>La recogida y tratamiento se har\u00e1 de acuerdo con la Ley Org\u00e1nica 15\/1999 de 13 de diciembre, de Protecci\u00f3n de Datos de Car\u00e1cter Personal y al amparo de lo dispuesto en el articulo 12.1 de laLey Org\u00e1nica 1\/1992, de21 de febrero, sobre Protecci\u00f3n de la Seguridad Ciudadana.<\/p>\n<p><strong>CONDICIONES DE LA RESERVA:<\/strong><\/p>\n<p>En caso de adelantar el d\u00eda de salida establecido en la reserva, el cliente adem\u00e1s de abonar los d\u00edas de la estancia transcurridos, no tendr\u00e1 derecho a devoluci\u00f3n de la fianza entregada en su d\u00eda a cuenta de la reserva; Art. 36 del decreto 50\/1989 de 5 de julio sobre ordenaci\u00f3n y clasificaci\u00f3n de establecimientos hoteleros en Cantabria.<\/p>\n<p>Art\u00edculo 36. La anulaci\u00f3n de reserva dar\u00e1 derecho a retener como m\u00e1ximo, en concepto de indemnizaci\u00f3n el siguiente porcentaje de la se\u00f1al exigida:<\/p>\n<p>\u00b7 El 100% cuando se haga con menos de siete d\u00edas.<\/p>\n<p><strong>INFORMACI\u00d3N PARA EL CLIENTE ANTE LA ACTUAL SITUACI\u00d3N DE CRISIS SANITARIA:<br \/>\n<\/strong>ROGAMOS LEAN ATENTAMENTE ESTA CARTA DE CONFIRMACI\u00d3N. SE SOLICITA LA ACEPTACI\u00d3N EXPRESA POR PARTE DEL CLIENTE ).<br \/>\n.-1- Las condiciones de anulaci\u00f3n de reserva por circunstancias relacionadas con el COVID 19 y su evoluci\u00f3n, no supondr\u00e1n ning\u00fan coste para el cliente, pudiendo elegir un cambio de fechas o la devoluci\u00f3n de la cuant\u00eda de la se\u00f1al.<br \/>\n2-Si la autoridad competente por una circunstancia relacionada con el COVID- 19, obligara a una cuarentena de la Posada o de sus trabajadores, los clientes alojados en ese momento abonaran los gastos generados por el total de d\u00edas de su estancia y deber\u00e1n abandonar la Posada.<br \/>\nEn los casos 1 y 2 no habr\u00e1 derecho a indemnizaci\u00f3n ni reclamaci\u00f3n por ninguna de las partes.<br \/>\n.- El cliente acepta y reconoce estar informado, con la confirmaci\u00f3n de reserva, de las medidas de seguridad implementadas en el alojamiento:<br \/>\nDistanciamiento social (2 metros). Les recordamos que no olviden sus mascarillas, su uso es obligatorio en interiores.<br \/>\nCorrecta y peri\u00f3dica higiene de manos con jab\u00f3n o gel hidroalcoh\u00f3lico.<br \/>\nEliminaci\u00f3n responsable y adecuada de materiales de riesgo: mascarillas, guantes y pa\u00f1uelos<br \/>\n.- Se informa al cliente que seg\u00fan ocupaci\u00f3n, algunos servicios quedar\u00e1n condicionados a horarios determinados. Se informar\u00e1 de los mismos a su entrada al establecimiento, o si lo solicitase con anterioridad, por email.<br \/>\n.- En el momento de la entrada, el cliente podr\u00e1 solicitar informaci\u00f3n de protocolos implementados para reducir el riesgo de contagio COVID 19<br \/>\nEl check in, a ser posible se realizar\u00e1 antes de la llegada del cliente, por favor nos mandan los datos siguientes de cada uno de los viajeros : nombre y apellidos, n\u00ba del documento de identidad con fecha de expedici\u00f3n, fecha de nacimiento y domicilio habitual.<br \/>\nEl pago de la estancia se har\u00e1 a la llegada, a poder ser con tarjeta.<br \/>\nLes comunicamos que hemos implementado un protocolo de distancia, protecci\u00f3n, limpieza y desinfecci\u00f3n, para seguridad de clientes y trabajadores.<\/p>\n","protected":false},"excerpt":{"rendered":"<p>Tarifas Precio por habitaci\u00f3n para el a\u00f1o 2023. IVA INCLUIDO. Temporada Baja: \u2013 Habitaci\u00f3n doble: 66,00 \u20ac \u2013\u00a0Habitaci\u00f3n doble superior: 72,00 \u20ac \u2013 Habitaci\u00f3n doble especial: 95,00 \u20ac \u2013 Habitaci\u00f3n especial triple: 110,00 \u20ac \u2013 Resto del A\u00f1o. Consultar precios y servicios incluidos. Temporada\u00a0Media: \u2013 Habitaci\u00f3n doble: 76,00 \u20ac \u2013 Habitaci\u00f3n doble superior: 82,00 \u20ac [&hellip;]<\/p>\n","protected":false},"author":1,"featured_media":0,"parent":0,"menu_order":0,"comment_status":"open","ping_status":"open","template":"page-fullwidth.php","meta":{"_citadela_hide_page_title":"","_citadela_remove_header_space":"","_citadela_custom_class":"","_citadela_half_map_provider":"","_citadela_half_map_theme":"","_citadela_half_map_themeOSM":"","_citadela_half_map_customTheme":"","_citadela_half_map_dataType":"","_citadela_half_map_dynamicTrack":false,"_citadela_half_map_trackColor":"","_citadela_half_map_trackEndpointsColor":"","_citadela_half_map_filterCategory":"","_citadela_half_map_filterLocation":"","_citadela_half_map_filterFeatured":false,"_citadela_half_map_noDataBehavior":"empty-map","_citadela_half_map_noDataText":"","_citadela_half_map_clusterGridSize":80,"_citadela_header":false,"_citadela_header_over_content":false,"_citadela_header_text_color":"","_citadela_header_logo":[],"_citadela_header_bg_image":[],"_citadela_header_bg_position":[],"_citadela_header_bg_size":"","_citadela_header_bg_repeat":"","_citadela_header_bg_fixed":false,"_citadela_header_bg_color":"","_citadela_header_bg_image_overlay":"","_citadela_header_transparent_bg":false,"_citadela_content_width":"","_citadela_half_layout_position":"","_joinchat":[],"footnotes":""},"class_list":["post-183","page","type-page","status-publish","hentry"],"_links":{"self":[{"href":"https:\/\/www.posadariocubas.com\/web\/wp-json\/wp\/v2\/pages\/183","targetHints":{"allow":["GET"]}}],"collection":[{"href":"https:\/\/www.posadariocubas.com\/web\/wp-json\/wp\/v2\/pages"}],"about":[{"href":"https:\/\/www.posadariocubas.com\/web\/wp-json\/wp\/v2\/types\/page"}],"author":[{"embeddable":true,"href":"https:\/\/www.posadariocubas.com\/web\/wp-json\/wp\/v2\/users\/1"}],"replies":[{"embeddable":true,"href":"https:\/\/www.posadariocubas.com\/web\/wp-json\/wp\/v2\/comments?post=183"}],"version-history":[{"count":114,"href":"https:\/\/www.posadariocubas.com\/web\/wp-json\/wp\/v2\/pages\/183\/revisions"}],"predecessor-version":[{"id":1723,"href":"https:\/\/www.posadariocubas.com\/web\/wp-json\/wp\/v2\/pages\/183\/revisions\/1723"}],"wp:attachment":[{"href":"https:\/\/www.posadariocubas.com\/web\/wp-json\/wp\/v2\/media?parent=183"}],"curies":[{"name":"wp","href":"https:\/\/api.w.org\/{rel}","templated":true}]}}