{"id":2258,"date":"2023-10-23T11:50:24","date_gmt":"2023-10-23T11:50:24","guid":{"rendered":"https:\/\/www.posadariocubas.com\/web\/?page_id=2258"},"modified":"2023-10-23T11:53:14","modified_gmt":"2023-10-23T11:53:14","slug":"cueva-covalanas","status":"publish","type":"page","link":"https:\/\/www.posadariocubas.com\/web\/entorno-2\/cueva-covalanas\/","title":{"rendered":"Cueva Covalanas"},"content":{"rendered":"\n<div class=\"wp-block-citadela-blocks-custom-container citadela-block-custom-container size-fullwidth bg-type-image inside-space-none bg-size-cover has-overlay\"><div class=\"bg-image-wrapper\" style=\"background-image:url(https:\/\/www.posadariocubas.com\/web\/wp-content\/uploads\/2023\/10\/gran_covalanas_002-2.jpg);background-repeat:no-repeat;background-position:50% 50%\"><\/div><div class=\"bg-image-overlay\" style=\"opacity:0.5\"><\/div><div class=\"inner-holder\">\n<div class=\"wp-block-citadela-blocks-spacer citadela-block-spacer\"><div class=\"inner-holder\" style=\"padding-top:200px\"><\/div><\/div>\n\n\n\n<h2 class=\"wp-block-heading has-text-align-center has-white-color has-text-color\" style=\"font-size:77px\">CUEVA COVALANAS<\/h2>\n\n\n\n<div class=\"wp-block-citadela-blocks-spacer citadela-block-spacer\"><div class=\"inner-holder\" style=\"padding-top:200px\"><\/div><\/div>\n<\/div><\/div>\n\n\n\n<div class=\"wp-block-citadela-blocks-spacer citadela-block-spacer\"><div class=\"inner-holder\" style=\"padding-top:10px\"><\/div><\/div>\n\n\n<div class=\"breadcrumbs align  wp-block-bcn-breadcrumb-trail has-text-color has-background\" vocab=\"https:\/\/schema.org\/\" typeof=\"BreadcrumbList\">\n\t<span><\/span>\n\t<span property=\"itemListElement\" typeof=\"ListItem\"><a property=\"item\" typeof=\"WebPage\" title=\"Ir a Posada R\u00edo Cubas.\" href=\"https:\/\/www.posadariocubas.com\/web\" class=\"home\" ><span property=\"name\">Posada R\u00edo Cubas<\/span><\/a><meta property=\"position\" content=\"1\"><\/span> &gt; <span property=\"itemListElement\" typeof=\"ListItem\"><a property=\"item\" typeof=\"WebPage\" title=\"Ir a Blog.\" href=\"https:\/\/www.posadariocubas.com\/web\/blog\/\" class=\"post-root post post-post\" aria-current=\"page\"><span property=\"name\">Blog<\/span><\/a><meta property=\"position\" content=\"2\"><\/span><\/div>\n\n\n\n<div class=\"wp-block-citadela-blocks-spacer citadela-block-spacer\"><div class=\"inner-holder\" style=\"padding-top:20px\"><\/div><\/div>\n\n\n\n<div class=\"wp-block-columns alignwide is-layout-flex wp-container-core-columns-is-layout-9d6595d7 wp-block-columns-is-layout-flex\">\n<div class=\"wp-block-column is-layout-flow wp-block-column-is-layout-flow\">\n<p>La cueva de Covalanas es popularmente conocida como la&nbsp;cueva de las ciervas rojas. Se localiza en la ladera noreste del Monte Pando, encima de la cavidad de El Mir\u00f3n. Esta \u00faltima, utilizada como lugar de habitaci\u00f3n durante, al menos, los \u00faltimos 45.000 a\u00f1os.<\/p>\n\n\n\n<p>Fue&nbsp;descubierta en 1903&nbsp;por el padre Lorenzo Sierra, en colaboraci\u00f3n con Hermilio Alcalde del R\u00edo, dos figuras claves de la investigaci\u00f3n arqueol\u00f3gica en Cantabria. Su descubrimiento se enmarca dentro de los or\u00edgenes de la ciencia prehist\u00f3rica y m\u00e1s en concreto del arte paleol\u00edtico, al ser la segunda cavidad con arte paleol\u00edtico descubierta en toda la Cornisa cant\u00e1brica tras Altamira (en 1879).<\/p>\n\n\n<div class=\"wp-block-image\">\n<figure class=\"alignright\"><a href=\"https:\/\/cuevas.culturadecantabria.com\/wp-content\/uploads\/2015\/03\/gran_covalanas_002.jpg\"><img decoding=\"async\" src=\"https:\/\/cuevas.culturadecantabria.com\/wp-content\/uploads\/2015\/03\/gran_covalanas_002-300x200.jpg\" alt=\"gran_covalanas_002\" class=\"wp-image-3059\" title=\"Galer\u00eda de las pinturas\"\/><\/a><\/figure><\/div>\n\n\n<p>Es una&nbsp;cueva de reducidas dimensiones&nbsp;que presenta dos galer\u00edas que comparten una zona de abrigo exterior, aparentemente no utilizado como espacio de h\u00e1bitat. Una de sus galer\u00edas, situada a la derecha del abrigo, alberga&nbsp;pinturas rupestres paleol\u00edticas.<\/p>\n\n\n\n<p>Tras rebasar dos peque\u00f1as series de puntos aparecen, a unos 65 metros de la entrada, las primeras formas de&nbsp;animales. Avanzando a partir de este punto, las figuras rojas se suceden a mano derecha e izquierda por la galer\u00eda principal y dentro de un peque\u00f1o divert\u00edculo. Un total de dieciocho ciervas, un ciervo, un caballo, un uro, una posible figura de tipo h\u00edbrido y tres signos rectangulares, adem\u00e1s de peque\u00f1os puntos y l\u00edneas que se disponen en frisos. A partir de los 90 metros, y ya en espacios de reducidas dimensiones, el n\u00famero de figuras se reduce dr\u00e1sticamente, tan s\u00f3lo una figura completa de animal que contrasta con los numerosos puntos y las l\u00edneas, dispersas por todas las paredes de este sector.<\/p>\n\n\n\n<p>Predomina el&nbsp;trazado mediante contorno punteado, realizado con los dedos. Esta modalidad t\u00e9cnica es&nbsp;muy caracter\u00edstica de algunas cuevas que se localizan entre la cuenca del r\u00edo Nervi\u00f3n (Vizcaya) y el r\u00edo Sella (Asturias), registr\u00e1ndose la mayor concentraci\u00f3n en torno a la cuenca del r\u00edo As\u00f3n, si bien destacan conjuntos como El Pendo o La Pasiega. Esta distribuci\u00f3n evidencia la existencia de grupos humanos con fuertes v\u00ednculos gr\u00e1ficos entre los diferentes valles, un ejemplo de redes y contactos sociales.<\/p>\n\n\n<div class=\"wp-block-image\">\n<figure class=\"alignleft\"><a href=\"https:\/\/cuevas.culturadecantabria.com\/wp-content\/uploads\/2015\/03\/gran_covalanas_001.jpg\"><img decoding=\"async\" src=\"https:\/\/cuevas.culturadecantabria.com\/wp-content\/uploads\/2015\/03\/gran_covalanas_001-300x62.jpg\" alt=\"\" class=\"wp-image-3064\" title=\"Manada de ciervas rojas\"\/><\/a><\/figure><\/div>\n\n\n<p>Su cronolog\u00eda, dif\u00edcil de fijar de manera absoluta, parece situarse en una fase antigua,&nbsp;en torno a los 20.000 a.C.<\/p>\n\n\n\n<p><\/p>\n\n\n\n<p><\/p>\n\n\n\n<p><\/p>\n<\/div>\n\n\n\n<div class=\"wp-block-column is-layout-flow wp-block-column-is-layout-flow\">\n<p>La frescura del color rojo, el tama\u00f1o grande de los motivos, el trazado punteado del contorno animal y la concentraci\u00f3n de la mayor parte de las figuras en un \u00e1rea bien delimitada, envuelven al visitante en un entorno de misterio y acogimiento.\u00a0Entrando\u00a0en la cueva y en la penumbra de la misma, parece que las figuras cobran vida como si quisieran escapar de la roca. Se ha llegado a indicar que este reba\u00f1o rojizo, inquieto en las sombras, ha sido testigo milenario de la vida de la Humanidad.<\/p>\n\n\n\n<p><strong>Localizaci\u00f3n<\/strong><\/p>\n\n\n<div class=\"wp-block-image\">\n<figure class=\"alignleft\"><img decoding=\"async\" src=\"https:\/\/cuevas.culturadecantabria.com\/wp-content\/uploads\/2015\/03\/gran_covalanas_003-300x200.jpg\" alt=\"gran_covalanas_003\" class=\"wp-image-3067\" title=\"Vistas del Pico de San Vicente desde Covalanas\"\/><\/figure><\/div>\n\n\n<p>Se localiza en el t\u00e9rmino municipal de&nbsp;Ramales de la Victoria&nbsp;(Cantabria), en una zona de calizas urgonianas del Cret\u00e1cico Inferior. Se sit\u00faa en el tramo bajo del valle de r\u00edo As\u00f3n, en la margen derecha del valle formado por el r\u00edo Calera, en la ladera NE del monte Pando o Haza y en las afueras del n\u00facleo de poblaci\u00f3n de Ramales de la Victoria.<\/p>\n\n\n\n<p>Se encuentra a unos 320 m.s.n.m. El entorno paisaj\u00edstico de la cavidad se caracteriza por relieves escarpados, monta\u00f1as altas y zonas de valle encajonadas y profundas.<\/p>\n\n\n\n<p><strong>La Cavidad<\/strong><\/p>\n\n\n\n<p>La cueva de Covalanas o de Las Herramientas se estructura en dos galer\u00edas que comparten una entrada a modo de peque\u00f1o portal\u00f3n desde el que se visualizan los valles de los r\u00edos Calera y G\u00e1ndara y parte de la Sierra de Hornijo, con el Pico San Vicente como accidente monta\u00f1oso m\u00e1s destacado.<\/p>\n\n\n\n<p>Tras la zona de entrada, orientada al SW, la cavidad se bifurca dando acceso a mano izquierda a la Galer\u00eda de la M\u00fasica y a la derecha a la Galer\u00eda de las Pinturas.<\/p>\n\n\n\n<p>La&nbsp;Galer\u00eda de las Pinturas, en la que se concentra la casi pr\u00e1ctica totalidad del dispositivo iconogr\u00e1fico, presenta un recorrido principalmente rectil\u00edneo y mon\u00f3tono de unos 110 m, destacando la parte final por su car\u00e1cter laber\u00edntico y estrecho con gateras y tubos.<\/p>\n\n\n\n<p>La&nbsp;Galer\u00eda de la M\u00fasica&nbsp;presenta un desarrollo de unos 85 m. Es un sector, especialmente la parte final y en menor medida la inicial, con bastantes formaciones de espeleotemas repartidos por suelos, paredes y techo.<\/p>\n<\/div>\n<\/div>\n\n\n\n<div class=\"wp-block-group alignwide\"><div class=\"wp-block-group__inner-container is-layout-constrained wp-block-group-is-layout-constrained\">\n<div class=\"page\" title=\"Page 1\">\n<div class=\"section\">\n<div class=\"layoutArea\">\n<div class=\"column\">\n<p>\u00a0<\/p>\n<p>\u00a0<\/p>\n<p>\u00a0<\/p>\n<\/div>\n<\/div>\n<\/div>\n<\/div>\n<\/div><\/div>\n","protected":false},"excerpt":{"rendered":"<p>La cueva de Covalanas es popularmente conocida como la&nbsp;cueva de las ciervas rojas. Se localiza en la ladera noreste del Monte Pando, encima de la cavidad de El Mir\u00f3n. Esta \u00faltima, utilizada como lugar de habitaci\u00f3n durante, al menos, los \u00faltimos 45.000 a\u00f1os. Fue&nbsp;descubierta en 1903&nbsp;por el padre Lorenzo Sierra, en colaboraci\u00f3n con Hermilio Alcalde [&hellip;]<\/p>\n","protected":false},"author":1,"featured_media":0,"parent":2157,"menu_order":0,"comment_status":"closed","ping_status":"closed","template":"","meta":{"_citadela_hide_page_title":"1","_citadela_remove_header_space":"","_citadela_custom_class":"","_citadela_half_map_provider":"","_citadela_half_map_theme":"","_citadela_half_map_themeOSM":"","_citadela_half_map_customTheme":"","_citadela_half_map_dataType":"","_citadela_half_map_dynamicTrack":false,"_citadela_half_map_trackColor":"","_citadela_half_map_trackEndpointsColor":"","_citadela_half_map_filterCategory":"","_citadela_half_map_filterLocation":"","_citadela_half_map_filterFeatured":false,"_citadela_half_map_noDataBehavior":"empty-map","_citadela_half_map_noDataText":"","_citadela_half_map_clusterGridSize":80,"_citadela_header":true,"_citadela_header_over_content":true,"_citadela_header_text_color":"","_citadela_header_logo":[],"_citadela_header_bg_image":[],"_citadela_header_bg_position":{"x":0.5,"y":0.5},"_citadela_header_bg_size":"cover","_citadela_header_bg_repeat":"no-repeat","_citadela_header_bg_fixed":false,"_citadela_header_bg_color":"","_citadela_header_bg_image_overlay":"","_citadela_header_transparent_bg":false,"_citadela_content_width":"","_citadela_half_layout_position":"","_joinchat":[],"footnotes":""},"class_list":["post-2258","page","type-page","status-publish","hentry"],"_links":{"self":[{"href":"https:\/\/www.posadariocubas.com\/web\/wp-json\/wp\/v2\/pages\/2258","targetHints":{"allow":["GET"]}}],"collection":[{"href":"https:\/\/www.posadariocubas.com\/web\/wp-json\/wp\/v2\/pages"}],"about":[{"href":"https:\/\/www.posadariocubas.com\/web\/wp-json\/wp\/v2\/types\/page"}],"author":[{"embeddable":true,"href":"https:\/\/www.posadariocubas.com\/web\/wp-json\/wp\/v2\/users\/1"}],"replies":[{"embeddable":true,"href":"https:\/\/www.posadariocubas.com\/web\/wp-json\/wp\/v2\/comments?post=2258"}],"version-history":[{"count":5,"href":"https:\/\/www.posadariocubas.com\/web\/wp-json\/wp\/v2\/pages\/2258\/revisions"}],"predecessor-version":[{"id":2264,"href":"https:\/\/www.posadariocubas.com\/web\/wp-json\/wp\/v2\/pages\/2258\/revisions\/2264"}],"up":[{"embeddable":true,"href":"https:\/\/www.posadariocubas.com\/web\/wp-json\/wp\/v2\/pages\/2157"}],"wp:attachment":[{"href":"https:\/\/www.posadariocubas.com\/web\/wp-json\/wp\/v2\/media?parent=2258"}],"curies":[{"name":"wp","href":"https:\/\/api.w.org\/{rel}","templated":true}]}}