{"id":637,"date":"2012-03-23T10:45:41","date_gmt":"2012-03-23T10:45:41","guid":{"rendered":"https:\/\/www.posadariocubas.com\/web\/?page_id=637"},"modified":"2013-02-01T12:47:24","modified_gmt":"2013-02-01T12:47:24","slug":"casa-vacacional-en-cantabria","status":"publish","type":"page","link":"https:\/\/www.posadariocubas.com\/web\/casa-vacacional-en-cantabria\/","title":{"rendered":"Chalet Tur\u00edstico R\u00edo Cubas"},"content":{"rendered":"<h1>Chalet Tur\u00edstico R\u00edo Cubas<\/h1>\n<h3>Bienvenidos al Chalet R\u00edo Cubas<\/h3>\n<p><strong>El Chalet Tur\u00edstico R\u00edo Cubas<\/strong>, est\u00e1 enclavado en la mejor zona de la Costa de Trasmiera, a 5 minutos de las playas de Somo, Loredo, Langre y Galizano.<\/p>\n<p>Es una nueva y singular construcci\u00f3n en piedra, una magnifica edificaci\u00f3n que cuenta con dos opciones independientes, con capacidad de alojar desde 2 hasta 8 personas . Lo sentimos pero no se admiten mascotas.<\/p>\n<h1>Galer\u00eda de Fotos<\/h1>\n<p>[one_third]<\/p>\n<p><img loading=\"lazy\" decoding=\"async\" class=\"alignnone size-full wp-image-330\" title=\"habitacion\" src=\"https:\/\/www.posadariocubas.com\/web\/wp-content\/uploads\/2012\/03\/portada.jpg\" alt=\"\" width=\"280\" height=\"187\" \/><\/p>\n<p>[\/one_third]<\/p>\n<p>[one_third]<\/p>\n<p><img loading=\"lazy\" decoding=\"async\" class=\"alignnone size-full wp-image-330\" title=\"habitacion\" src=\"https:\/\/www.posadariocubas.com\/web\/wp-content\/uploads\/2011\/03\/habitacion1.jpg\" alt=\"\" width=\"280\" height=\"187\" \/><\/p>\n<p>[\/one_third]<\/p>\n<p>[one_third last]<\/p>\n<p><img loading=\"lazy\" decoding=\"async\" class=\"alignnone size-full wp-image-330\" title=\"salon\" src=\"https:\/\/www.posadariocubas.com\/web\/wp-content\/uploads\/2011\/03\/habitacion2.jpg\" alt=\"\" width=\"280\" height=\"187\" \/><\/p>\n<p>[\/one_third]<\/p>\n<p>[one_third]<\/p>\n<p><img loading=\"lazy\" decoding=\"async\" class=\"alignnone size-full wp-image-330\" title=\"jardin\" src=\"https:\/\/www.posadariocubas.com\/web\/wp-content\/uploads\/2011\/03\/habitacion3.jpg\" alt=\"\" width=\"280\" height=\"187\" \/><\/p>\n<p>[\/one_third]<\/p>\n<p>[one_third]<\/p>\n<p><img loading=\"lazy\" decoding=\"async\" class=\"alignnone size-full wp-image-330\" title=\"salon\" src=\"https:\/\/www.posadariocubas.com\/web\/wp-content\/uploads\/2012\/03\/cama.jpg\" alt=\"\" width=\"280\" height=\"187\" \/><\/p>\n<p>[\/one_third]<\/p>\n<p>[one_third last]<\/p>\n<p><img loading=\"lazy\" decoding=\"async\" class=\"alignnone size-full wp-image-330\" title=\"habitacion\" src=\"https:\/\/www.posadariocubas.com\/web\/wp-content\/uploads\/2012\/03\/bano.jpg\" alt=\"\" width=\"280\" height=\"187\" \/><\/p>\n<p>[\/one_third]<\/p>\n<p>[one_third]<\/p>\n<p><img loading=\"lazy\" decoding=\"async\" class=\"alignnone size-full wp-image-330\" title=\"salon\" src=\"https:\/\/www.posadariocubas.com\/web\/wp-content\/uploads\/2011\/03\/habitacion5.jpg\" alt=\"\" width=\"280\" height=\"187\" \/><\/p>\n<p>[\/one_third]<\/p>\n<p>[one_third last]<\/p>\n<p><img loading=\"lazy\" decoding=\"async\" class=\"alignnone size-full wp-image-330\" title=\"jardin\" src=\"https:\/\/www.posadariocubas.com\/web\/wp-content\/uploads\/2011\/03\/habitacion6.jpg\" alt=\"\" width=\"280\" height=\"187\" \/><\/p>\n<p>[\/one_third]<\/p>\n<ul>\n<li><strong>CHALET TUR\u00cdSTICO<\/strong>\u00a0(capacidad m\u00e1xima 8 personas)<\/li>\n<\/ul>\n<p>Consta de zona ajardinada, amplio sal\u00f3n &#8211; comedor y cocina americana totalmente equipada, dispone de un sof\u00e1 cama amplio para dos personas. Adem\u00e1s est\u00e1 comunicado directamente con el jard\u00edn a trav\u00e9s de un porche , cuenta con tres amplias habitaciones dobles exteriores, dos con cama de matrimonio y una con dos camas, dos de ellas con balc\u00f3n, dos cuartos de ba\u00f1o completos con ventanas amplias.<\/p>\n<p>El apartamento, el mobiliario, el menaje completo, la lencer\u00eda de cama y ba\u00f1o, todo de calidad , y en perfecto estado de conservaci\u00f3n. Dispone de mobiliario de jard\u00edn, mesa, sillas y tumbonas.<\/p>\n<h1>Informaci\u00f3n<\/h1>\n<p>Descubra una Magn\u00edfica Vivienda en el precioso pueblo de Cubas a escasos 5 minutos de las mejores playas de Cantabria y la ciudad de Santander.<\/p>\n<p>Cubas es el alojamiento ideal para disfrutar de sus vacaciones, en un pueblo peque\u00f1o y tranquilo, desde la misma casa comienza la campi\u00f1a para pasear disfrutando de la naturaleza. A s\u00f3lo 4 km. de la autov\u00eda es ideal para desplazarse a los puntos m\u00e1s interesantes de Cantabria.<\/p>\n<p>Apartamento en Chalet, con jard\u00edn propio, todo nuevo, con equipamiento completo y en perfecto estado. Lo sentimos pero clientes sensibles a alergias nos impiden aceptar mascotas.<\/p>\n<p>Situado en calle cerrada en su parte inferior por un parque infantil, calle s\u00f3lo abierta para veh\u00edculos de 6 casas. En verano el alquiler es por semanas. Descuentos para estancias largas.<\/p>\n<p>Pr\u00f3ximo al <strong>Parque de la Naturaleza de Cab\u00e1rceno<\/strong> , Santander, las Cuevas de Altamira y el Castillo,<strong> las Marismas de Santo\u00f1a<\/strong> y a un paso de la R\u00eda de Cubas.<\/p>\n<p>B\u00ba La Iglesia, s\/n 39793 Cubas (Cantabria.)<\/p>\n<h1>C\u00f3mo llegar<\/h1>\n<p>Para llegar al Chalet desde Santander, su aeropuerto o si vienen de Bilbao, est\u00e1n muy bien comunicados por autov\u00eda con la casa.<\/p>\n<p>Desde la autov\u00eda del Cant\u00e1brico, A-8, tomar la salida 197, direcci\u00f3n Galizano, comarcal ca-146, a 4 km. de la autov\u00eda ver\u00e1n la se\u00f1al de Cubas, a 200 m. justo pasada la iglesia, a la derecha est\u00e1 el desv\u00edo hacia la casa que est\u00e1 a 50 m. La calle es f\u00e1cil de identificar ya que es la que est\u00e1 seguida del parque infantil que la delimita en su parte inferior. Adem\u00e1s pueden venir a la Posada desde donde les acompa\u00f1aremos gustosamente para darles detalle de la casa, adem\u00e1s de informaci\u00f3n tur\u00edstica con folletos de los puntos m\u00e1s interesantes para visitar en Cantabria.<\/p>\n<h1>Precios Chalet<\/h1>\n<ul>\n<li><strong>PRECIO OPCI\u00d3N PRIMERA \u00a0(capacidad m\u00e1xima 8 personas)<\/strong><\/li>\n<\/ul>\n<p><strong>Temporada Baja<\/strong>\u2026&#8230;&#8230;&#8230;.\u2026 980.00 \u20ac semana (IVA incluido)<br \/>\n<strong>Temporada\u00a0Media<\/strong>\u2026&#8230;&#8230;&#8230; 1120.00 \u20ac\u00a0semana (IVA incluido)<br \/>\n<strong>Temporada\u00a0Alta<\/strong>\u2026&#8230;..\u2026&#8230;&#8230; 1260.00\u20ac\u00a0semana (IVA incluido)<\/p>\n<p>ALTA, Semana Santa y del 24 de Julio a 31 de Agosto<br \/>\nMEDIA, del 28 de junio al 23 de julio<br \/>\nBAJA, resto del a\u00f1o<br \/>\nPuentes consultar<\/p>\n<p>Para reservas de otro n\u00ba de d\u00edas consultar. Las estancias superiores a una semana gozan de descuentos.<br \/>\nPara hacer reserva firme, se ingresar\u00e1 el 40% del costo, a cuenta del pago total, que se har\u00e1 a la entrega de las llaves.<\/p>\n<p><strong>Chalet registrado y calificado por el Gobierno de Cantabria \u00a0y cuenta con todas las acreditaciones legales garantizando la m\u00e1xima seguridad al cliente.<\/strong><\/p>\n<h1><\/h1>\n","protected":false},"excerpt":{"rendered":"<p>Chalet Tur\u00edstico R\u00edo Cubas Bienvenidos al Chalet R\u00edo Cubas El Chalet Tur\u00edstico R\u00edo Cubas, est\u00e1 enclavado en la mejor zona de la Costa de Trasmiera, a 5 minutos de las playas de Somo, Loredo, Langre y Galizano. Es una nueva y singular construcci\u00f3n en piedra, una magnifica edificaci\u00f3n que cuenta con dos opciones independientes, con [&hellip;]<\/p>\n","protected":false},"author":1,"featured_media":0,"parent":0,"menu_order":0,"comment_status":"closed","ping_status":"open","template":"page-fullwidth.php","meta":{"_citadela_hide_page_title":"","_citadela_remove_header_space":"","_citadela_custom_class":"","_citadela_half_map_provider":"","_citadela_half_map_theme":"","_citadela_half_map_themeOSM":"","_citadela_half_map_customTheme":"","_citadela_half_map_dataType":"","_citadela_half_map_dynamicTrack":false,"_citadela_half_map_trackColor":"","_citadela_half_map_trackEndpointsColor":"","_citadela_half_map_filterCategory":"","_citadela_half_map_filterLocation":"","_citadela_half_map_filterFeatured":false,"_citadela_half_map_noDataBehavior":"empty-map","_citadela_half_map_noDataText":"","_citadela_half_map_clusterGridSize":80,"_citadela_header":false,"_citadela_header_over_content":false,"_citadela_header_text_color":"","_citadela_header_logo":[],"_citadela_header_bg_image":[],"_citadela_header_bg_position":[],"_citadela_header_bg_size":"","_citadela_header_bg_repeat":"","_citadela_header_bg_fixed":false,"_citadela_header_bg_color":"","_citadela_header_bg_image_overlay":"","_citadela_header_transparent_bg":false,"_citadela_content_width":"","_citadela_half_layout_position":"","_joinchat":[],"footnotes":""},"class_list":["post-637","page","type-page","status-publish","hentry"],"_links":{"self":[{"href":"https:\/\/www.posadariocubas.com\/web\/wp-json\/wp\/v2\/pages\/637","targetHints":{"allow":["GET"]}}],"collection":[{"href":"https:\/\/www.posadariocubas.com\/web\/wp-json\/wp\/v2\/pages"}],"about":[{"href":"https:\/\/www.posadariocubas.com\/web\/wp-json\/wp\/v2\/types\/page"}],"author":[{"embeddable":true,"href":"https:\/\/www.posadariocubas.com\/web\/wp-json\/wp\/v2\/users\/1"}],"replies":[{"embeddable":true,"href":"https:\/\/www.posadariocubas.com\/web\/wp-json\/wp\/v2\/comments?post=637"}],"version-history":[{"count":62,"href":"https:\/\/www.posadariocubas.com\/web\/wp-json\/wp\/v2\/pages\/637\/revisions"}],"predecessor-version":[{"id":640,"href":"https:\/\/www.posadariocubas.com\/web\/wp-json\/wp\/v2\/pages\/637\/revisions\/640"}],"wp:attachment":[{"href":"https:\/\/www.posadariocubas.com\/web\/wp-json\/wp\/v2\/media?parent=637"}],"curies":[{"name":"wp","href":"https:\/\/api.w.org\/{rel}","templated":true}]}}